{"id":17,"date":"2022-02-21T13:09:27","date_gmt":"2022-02-21T13:09:27","guid":{"rendered":"https:\/\/mehrart.de\/?page_id=17"},"modified":"2023-09-08T13:39:27","modified_gmt":"2023-09-08T13:39:27","slug":"impressum-datenschutz","status":"publish","type":"page","link":"https:\/\/mehrart.de\/?page_id=17","title":{"rendered":"IMPRESSUM \/ DATENSCHUTZ"},"content":{"rendered":"\n<p>Angaben gem\u00e4\u00df \u00a7 5 TMG: Verantwortlich f\u00fcr den Inhalt nach \u00a7 55 Abs. 2 RStV:<br><br>Gabriella Ahlgrimm-Pahl<br>Multimedia K\u00fcnstlerin\u00a0<br><\/p>\n\n\n\n<p>Kontakt<\/p>\n\n\n\n<p>Email: ahlgrimm@mehrart.de&nbsp;<\/p>\n\n\n\n<p>Fon: &nbsp; &nbsp;&nbsp;0171 8490174<\/p>\n\n\n\n<p>Bauermannskulle 75<br>42657 Solingen\u00a0<\/p>\n\n\n\n<p><br><br>Haftung f\u00fcr Inhalte<\/p>\n\n\n\n<p><br>F\u00fcr die Inhalte der verlinkten Seiten ist stets der jeweilige Anbieter oder Betreiber der Seiten verantwortlich. Die verlinkten Seiten wurden zum Zeitpunkt der Verlinkung auf m\u00f6gliche Rechtsverst\u00f6\u00dfe \u00fcberpr\u00fcft.<br>Urheberrecht&nbsp;<br>Inhalte und Werke auf diesen Seiten unterliegen dem deutschen Urheberrecht. Die Vervielf\u00e4ltigung, Bearbeitung, Verbreitung und jede Art der Verwertung au\u00dferhalb der Grenzen des Urheberrechtes bed\u00fcrfen meiner schriftlichen Zustimmung.<\/p>\n\n\n\n<p>Datenschutzerkl\u00e4rung im Sinne des DSGVO&nbsp;<\/p>\n\n\n\n<p>Diese Verordnung gilt f\u00fcr die ganz oder teilweise automatisierte Verarbeitung personenbezogener Daten sowie f\u00fcr die nichtautomatisierte Verarbeitung personenbezogener Daten, die in einem Dateisystem gespeichert sind oder &nbsp;gespeichert werden sollen.<br>Personenbezogene Daten<br>Personenbezogene Daten sind Informationen, durch welche die Identit\u00e4t einer Person festgestellt werden kann.&nbsp;Wie zum Beispiel: Name, Adresse, Geburtsdatum, Bankverbindung, Telefonnummer und E-Mail-Adresse.<br><br>Ich erfasse Daten von Personen, wenn sie direkt Kontakt per E-Mail mit mir aufnehmen.&nbsp;Die E-Mail-Adressen werden von mir f\u00fcr schnelle Kommunikation und f\u00fcr die Versendung von Informationen zu Veranstaltungen und f\u00fcr Vertr\u00e4ge, Mitteilungen Projektbezogenen Inhalte und Publikationen verwendet. Weitere Verwendungen sowie die Weitergabe Ihrer E-Mail-Adressen an Dritte sind ausgeschlossen. Werbe-Emails werden gleich, Einladungen von Veranstaltungen (Ausstellungen, Konzerte\u2026usw.) werden max. 30 Tage nach Eingang gel\u00f6scht.<br><br>Speicherort<br>Die an mir \u00fcbermittelten, personenbezogenen Daten werden auf gesicherten Festplatten von mir gespeichert.<br>Der Zugriff auf dieser Festplatten und die enthaltenen Daten ist nur von mir m\u00f6glich, ich bin mit der inhaltlichen oder technischen Betreuung der Festplatten befasst.&nbsp;<br><br>Rechtliche Hinweise<br>Die Personen, die von mir gespeicherten personenbezogene Daten haben, k\u00f6nnen jederzeit, die mir zur Verf\u00fcgung gestellten pers\u00f6nlichen Daten \u00fcberpr\u00fcfen, \u00e4ndern oder l\u00f6schen lassen, indem Sie mir eine E-Mail an meine E-Mail-Adresse&nbsp;&nbsp;schicken. Sie k\u00f6nnen dort auch den Empfang weiterer Informationen per E-Mail f\u00fcr die Zukunft ausschlie\u00dfen.<br>Datenverschl\u00fcsselung durch SSL (Secure Socket Layer) Auf meiner Internetseiten f\u00fcr die sichere \u00dcbertragung von Inhalten wird die&nbsp;SSL-Verschl\u00fcsselung genutzt, sobald Sie meine Webseite aufrufen. Sie erkennen verschl\u00fcsselte Seiten an dem Symbol eines geschlossenen Schlosses je nach Browsertyp unten oder oben in Ihrem Browser-Fenster und an der ge\u00e4nderten URL (Internetadresse). Diese beginnt dann mit&nbsp;\u201ehttps\u2026\u201c.<\/p>\n","protected":false},"excerpt":{"rendered":"<p>Angaben gem\u00e4\u00df \u00a7 5 TMG: Verantwortlich f\u00fcr den Inhalt nach \u00a7 55 Abs. 2 RStV: Gabriella Ahlgrimm-PahlMultimedia K\u00fcnstlerin\u00a0 Kontakt Email: ahlgrimm@mehrart.de&nbsp; Fon: &nbsp; &nbsp;&nbsp;0171 8490174 Bauermannskulle 7542657 Solingen\u00a0 Haftung f\u00fcr Inhalte F\u00fcr die Inhalte der verlinkten Seiten ist stets der jeweilige Anbieter oder Betreiber der Seiten verantwortlich. Die verlinkten Seiten wurden zum Zeitpunkt der Verlinkung<\/p>\n<p class=\"more-link-wrapper\"><a href=\"https:\/\/mehrart.de\/?page_id=17\" class=\"more-link\">Continue Reading<span class=\"screen-reader-text\"> &#8222;IMPRESSUM \/ DATENSCHUTZ&#8220;<\/span><\/a><\/p>\n","protected":false},"author":1,"featured_media":0,"parent":0,"menu_order":0,"comment_status":"closed","ping_status":"closed","template":"","meta":{"footnotes":""},"class_list":["post-17","page","type-page","status-publish","hentry"],"_links":{"self":[{"href":"https:\/\/mehrart.de\/index.php?rest_route=\/wp\/v2\/pages\/17","targetHints":{"allow":["GET"]}}],"collection":[{"href":"https:\/\/mehrart.de\/index.php?rest_route=\/wp\/v2\/pages"}],"about":[{"href":"https:\/\/mehrart.de\/index.php?rest_route=\/wp\/v2\/types\/page"}],"author":[{"embeddable":true,"href":"https:\/\/mehrart.de\/index.php?rest_route=\/wp\/v2\/users\/1"}],"replies":[{"embeddable":true,"href":"https:\/\/mehrart.de\/index.php?rest_route=%2Fwp%2Fv2%2Fcomments&post=17"}],"version-history":[{"count":6,"href":"https:\/\/mehrart.de\/index.php?rest_route=\/wp\/v2\/pages\/17\/revisions"}],"predecessor-version":[{"id":121,"href":"https:\/\/mehrart.de\/index.php?rest_route=\/wp\/v2\/pages\/17\/revisions\/121"}],"wp:attachment":[{"href":"https:\/\/mehrart.de\/index.php?rest_route=%2Fwp%2Fv2%2Fmedia&parent=17"}],"curies":[{"name":"wp","href":"https:\/\/api.w.org\/{rel}","templated":true}]}}